{"id":9927,"date":"2022-12-02T15:04:19","date_gmt":"2022-12-02T15:04:19","guid":{"rendered":"https:\/\/www.brlogistics.net\/us\/?page_id=9927"},"modified":"2022-12-02T15:08:54","modified_gmt":"2022-12-02T15:08:54","slug":"cookies-policy","status":"publish","type":"page","link":"https:\/\/www.brlogistics.net\/us\/cookies-policy\/","title":{"rendered":"COOKIES POLICY"},"content":{"rendered":"\t\t<div data-elementor-type=\"wp-page\" data-elementor-id=\"9927\" class=\"elementor elementor-9927\" data-elementor-post-type=\"page\">\n\t\t\t\t\t\t<section class=\"elementor-section elementor-top-section elementor-element elementor-element-7aca6c2 elementor-section-boxed elementor-section-height-default elementor-section-height-default\" data-id=\"7aca6c2\" data-element_type=\"section\" data-e-type=\"section\" data-settings=\"{&quot;background_background&quot;:&quot;classic&quot;}\">\n\t\t\t\t\t\t<div class=\"elementor-container elementor-column-gap-default\">\n\t\t\t\t\t<div class=\"elementor-column elementor-col-100 elementor-top-column elementor-element elementor-element-3dc602b\" data-id=\"3dc602b\" data-element_type=\"column\" data-e-type=\"column\">\n\t\t\t<div class=\"elementor-widget-wrap elementor-element-populated\">\n\t\t\t\t\t\t<div class=\"elementor-element elementor-element-7cab26d elementor-widget elementor-widget-heading\" data-id=\"7cab26d\" data-element_type=\"widget\" data-e-type=\"widget\" data-widget_type=\"heading.default\">\n\t\t\t\t<div class=\"elementor-widget-container\">\n\t\t\t\t\t<h2 class=\"elementor-heading-title elementor-size-default\">COOKIES POLICY<\/h2>\t\t\t\t<\/div>\n\t\t\t\t<\/div>\n\t\t\t\t\t<\/div>\n\t\t<\/div>\n\t\t\t\t\t<\/div>\n\t\t<\/section>\n\t\t\t\t<section class=\"elementor-section elementor-top-section elementor-element elementor-element-65920c5 elementor-section-boxed elementor-section-height-default elementor-section-height-default\" data-id=\"65920c5\" data-element_type=\"section\" data-e-type=\"section\">\n\t\t\t\t\t\t<div class=\"elementor-container elementor-column-gap-default\">\n\t\t\t\t\t<div class=\"elementor-column elementor-col-100 elementor-top-column elementor-element elementor-element-7fdb045\" data-id=\"7fdb045\" data-element_type=\"column\" data-e-type=\"column\">\n\t\t\t<div class=\"elementor-widget-wrap elementor-element-populated\">\n\t\t\t\t\t\t<div class=\"elementor-element elementor-element-901a01d elementor-widget elementor-widget-text-editor\" data-id=\"901a01d\" data-element_type=\"widget\" data-e-type=\"widget\" data-widget_type=\"text-editor.default\">\n\t\t\t\t<div class=\"elementor-widget-container\">\n\t\t\t\t\t\t\t\t\t<p>BR LOGISTICS USA INC Company \u00a0(&#8220;we&#8221;, &#8220;us&#8221;, or &#8220;our&#8221;) uses cookies on the website https:\/\/www.brlogistics.net website for Services of Shipping, transport, &amp; logistics. By using our website or Service, you consent to the use of cookies.<\/p><p>Our Cookies Policy explains what cookies are, how we use cookies, how third-parties we may partner with may use cookies on the Service, your choices regarding cookies and further information about cookies.<\/p><p><strong>ACEPTACI\u00d3N DE LAS COOKIES: NORMATIVA VIGENTE<\/strong><\/p><p>Al acceder a este sitio web https:\/\/www.brlogistics.net, y de acuerdo a la normativa vigente en materia de protecci\u00f3n de datos, te informamos del uso de cookies, d\u00e1ndote la opci\u00f3n de aceptarlas expresamente y de acceder a m\u00e1s informaci\u00f3n a trav\u00e9s de esta Pol\u00edtica de Cookies.<\/p><p>Debes saber que, en el caso de continuar navegando, estar\u00e1s prestando tu consentimiento para el empleo de estas cookies. Pero, en cualquier momento, podr\u00e1s cambiar de opini\u00f3n y bloquear su utilizaci\u00f3n a trav\u00e9s de tu navegador.<\/p><p>Para tu total tranquilidad, este sitio web cumple con lo estipulado en la normativa vigente en relaci\u00f3n con el uso de las cookies y tus datos personales:<\/p><p>El reglamento LSSI-CE (<strong>Ley de la sociedad de la informaci\u00f3n y del comercio electr\u00f3nico<\/strong>)<\/p><p>El\u00a0<strong>RGPD\u00a0<\/strong>(<strong>Reglamento (UE) 2016\/679 del Parlamento Europeo y del Consejo de 27 de abril de 2016 relativo a la protecci\u00f3n de las personas f\u00edsicas<\/strong>),\u00a0que unifica la regulaci\u00f3n del tratamiento de los datos personales en los pa\u00edses de la UE.<\/p><p>Esta Pol\u00edtica de Cookies podr\u00eda modificarse en cualquier momento para adaptarse a novedades normativas o\u00a0cambios en nuestras actividades, siendo vigente la que en cada momento se encuentre publicada en la web.<\/p><p>\u00a0<\/p><p>\u00a0<\/p><p><strong>What are cookies<\/strong><\/p><p>The Cookies are small pieces of text sent to your web browser by a website you visit. The cookie or Cookie file is stored in your web browser and allows the a website or a third-party to recognize you and make your next visit easier for you.<\/p><p>Cookies can be &#8220;persistent&#8221; or &#8220;session&#8221; cookies. Persistent cookies remain on your personal computer or mobile device when you go offline, while session cookies are deleted as soon as you close your web browser.<\/p><p><strong>How we use Cookies<\/strong><\/p><p>\u00a0<\/p><p>When you access the BR LOGISTICS website, we may place a number of cookies files in your web browser.<\/p><p>cookies for the purposes:<\/p><ul><li>To enable certain functions of the WEBSITE<\/li><li>To provide analytics<\/li><\/ul><ul><li>We may use cookies to remember information that changes the way the Service behaves<\/li><\/ul><p><strong>Choices regarding cookies<\/strong><\/p><p>To delete cookies or instruct your web browser to delete or refuse cookies, please visit the help pages of your web browser.<\/p><ul><li>Chrome web browser, please visit this page from Google: https:\/\/support.google.com\/accounts\/answer\/32050<\/li><li>Internet Explorer web browser, please visit this page from Microsoft: http:\/\/support.microsoft.com\/kb\/278835<\/li><li>Firefox web browser, please visit this page from Mozilla: https:\/\/support.mozilla.org\/en-US\/kb\/delete-cookies-remove-info-websites-stored<\/li><li>Safari web browser, please visit this page from Apple: https:\/\/support.apple.com\/guide\/safari\/manage-cookies-and-website-data-sfri11471\/mac<\/li><li>For any other web browser, please visit your web browser&#8217;s official web pages.<\/li><\/ul><p>\u00a0<\/p><p><strong>More information about cookies<\/strong><\/p><ul><li>All About Cookies: http:\/\/www.allaboutcookies.org\/<\/li><li>Network Advertising Initiative: http:\/\/www.networkadvertising.org\/<\/li><\/ul>\t\t\t\t\t\t\t\t<\/div>\n\t\t\t\t<\/div>\n\t\t\t\t\t<\/div>\n\t\t<\/div>\n\t\t\t\t\t<\/div>\n\t\t<\/section>\n\t\t\t\t<\/div>\n\t\t","protected":false},"excerpt":{"rendered":"<p>COOKIES POLICY BR LOGISTICS USA INC Company &nbsp;(&#8220;we&#8221;, &#8220;us&#8221;, or &#8220;our&#8221;) uses cookies on the website https:\/\/www.brlogistics.net website for Services of Shipping, transport, &amp; logistics. By using our website or Service, you consent to the use of cookies. Our Cookies Policy explains what cookies are, how we use cookies, how third-parties we may partner with [&hellip;]<\/p>\n","protected":false},"author":2,"featured_media":0,"parent":0,"menu_order":0,"comment_status":"closed","ping_status":"closed","template":"","meta":{"_exactmetrics_skip_tracking":false,"_exactmetrics_sitenote_active":false,"_exactmetrics_sitenote_note":"","_exactmetrics_sitenote_category":0,"site-sidebar-layout":"no-sidebar","site-content-layout":"page-builder","ast-site-content-layout":"default","site-content-style":"default","site-sidebar-style":"default","ast-global-header-display":"","ast-banner-title-visibility":"","ast-main-header-display":"","ast-hfb-above-header-display":"","ast-hfb-below-header-display":"","ast-hfb-mobile-header-display":"","site-post-title":"disabled","ast-breadcrumbs-content":"","ast-featured-img":"disabled","footer-sml-layout":"","ast-disable-related-posts":"","theme-transparent-header-meta":"","adv-header-id-meta":"","stick-header-meta":"","header-above-stick-meta":"","header-main-stick-meta":"","header-below-stick-meta":"","astra-migrate-meta-layouts":"default","ast-page-background-enabled":"default","ast-page-background-meta":{"desktop":{"background-color":"var(--ast-global-color-4)","background-image":"","background-repeat":"repeat","background-position":"center center","background-size":"auto","background-attachment":"scroll","background-type":"","background-media":"","overlay-type":"","overlay-color":"","overlay-opacity":"","overlay-gradient":""},"tablet":{"background-color":"","background-image":"","background-repeat":"repeat","background-position":"center center","background-size":"auto","background-attachment":"scroll","background-type":"","background-media":"","overlay-type":"","overlay-color":"","overlay-opacity":"","overlay-gradient":""},"mobile":{"background-color":"","background-image":"","background-repeat":"repeat","background-position":"center center","background-size":"auto","background-attachment":"scroll","background-type":"","background-media":"","overlay-type":"","overlay-color":"","overlay-opacity":"","overlay-gradient":""}},"ast-content-background-meta":{"desktop":{"background-color":"var(--ast-global-color-5)","background-image":"","background-repeat":"repeat","background-position":"center center","background-size":"auto","background-attachment":"scroll","background-type":"","background-media":"","overlay-type":"","overlay-color":"","overlay-opacity":"","overlay-gradient":""},"tablet":{"background-color":"var(--ast-global-color-5)","background-image":"","background-repeat":"repeat","background-position":"center center","background-size":"auto","background-attachment":"scroll","background-type":"","background-media":"","overlay-type":"","overlay-color":"","overlay-opacity":"","overlay-gradient":""},"mobile":{"background-color":"var(--ast-global-color-5)","background-image":"","background-repeat":"repeat","background-position":"center center","background-size":"auto","background-attachment":"scroll","background-type":"","background-media":"","overlay-type":"","overlay-color":"","overlay-opacity":"","overlay-gradient":""}},"_joinchat":[],"footnotes":""},"class_list":["post-9927","page","type-page","status-publish","hentry"],"aioseo_notices":[],"_links":{"self":[{"href":"https:\/\/www.brlogistics.net\/us\/wp-json\/wp\/v2\/pages\/9927","targetHints":{"allow":["GET"]}}],"collection":[{"href":"https:\/\/www.brlogistics.net\/us\/wp-json\/wp\/v2\/pages"}],"about":[{"href":"https:\/\/www.brlogistics.net\/us\/wp-json\/wp\/v2\/types\/page"}],"author":[{"embeddable":true,"href":"https:\/\/www.brlogistics.net\/us\/wp-json\/wp\/v2\/users\/2"}],"replies":[{"embeddable":true,"href":"https:\/\/www.brlogistics.net\/us\/wp-json\/wp\/v2\/comments?post=9927"}],"version-history":[{"count":8,"href":"https:\/\/www.brlogistics.net\/us\/wp-json\/wp\/v2\/pages\/9927\/revisions"}],"predecessor-version":[{"id":9935,"href":"https:\/\/www.brlogistics.net\/us\/wp-json\/wp\/v2\/pages\/9927\/revisions\/9935"}],"wp:attachment":[{"href":"https:\/\/www.brlogistics.net\/us\/wp-json\/wp\/v2\/media?parent=9927"}],"curies":[{"name":"wp","href":"https:\/\/api.w.org\/{rel}","templated":true}]}}