{"id":8484,"date":"2023-02-21T18:58:56","date_gmt":"2023-02-21T18:58:56","guid":{"rendered":"https:\/\/www.brlogistics.net\/es\/?page_id=8484"},"modified":"2023-02-22T14:52:18","modified_gmt":"2023-02-22T14:52:18","slug":"enviar-coche","status":"publish","type":"page","link":"https:\/\/www.brlogistics.net\/es\/enviar-coche\/","title":{"rendered":"Enviar coche"},"content":{"rendered":"\t\t<div data-elementor-type=\"wp-page\" data-elementor-id=\"8484\" class=\"elementor elementor-8484\" data-elementor-post-type=\"page\">\n\t\t\t\t\t\t<section class=\"elementor-section elementor-top-section elementor-element elementor-element-f550008 elementor-section-boxed elementor-section-height-default elementor-section-height-default\" data-id=\"f550008\" data-element_type=\"section\">\n\t\t\t\t\t\t<div class=\"elementor-container elementor-column-gap-default\">\n\t\t\t\t\t<div class=\"elementor-column elementor-col-100 elementor-top-column elementor-element elementor-element-6a0100e\" data-id=\"6a0100e\" data-element_type=\"column\">\n\t\t\t<div class=\"elementor-widget-wrap elementor-element-populated\">\n\t\t\t\t\t\t<div class=\"elementor-element elementor-element-b1b6ee5 elementor-widget elementor-widget-heading\" data-id=\"b1b6ee5\" data-element_type=\"widget\" data-widget_type=\"heading.default\">\n\t\t\t\t<div class=\"elementor-widget-container\">\n\t\t\t\t\t<h1 class=\"elementor-heading-title elementor-size-default\">Envio internacional de vehiculos<\/h1>\t\t\t\t<\/div>\n\t\t\t\t<\/div>\n\t\t\t\t<div class=\"elementor-element elementor-element-554d891 elementor-widget elementor-widget-text-editor\" data-id=\"554d891\" data-element_type=\"widget\" data-widget_type=\"text-editor.default\">\n\t\t\t\t<div class=\"elementor-widget-container\">\n\t\t\t\t\t\t\t\t\t<p>El servicio de env\u00edo internacional de coches es uno de los transportes mar\u00edtimos m\u00e1s populares para enviar todo tipo de vehiculos a nivel internacional. En BR LOGISTICS EUROPA ofrecemos un servicio confiable de envio de automoviles a los principales puertos\u00a0del\u00a0mundo.<\/p>\t\t\t\t\t\t\t\t<\/div>\n\t\t\t\t<\/div>\n\t\t\t\t<div class=\"elementor-element elementor-element-77a0849 elementor-widget elementor-widget-heading\" data-id=\"77a0849\" data-element_type=\"widget\" data-widget_type=\"heading.default\">\n\t\t\t\t<div class=\"elementor-widget-container\">\n\t\t\t\t\t<h2 class=\"elementor-heading-title elementor-size-default\">Destinos de transporte mar\u00edtimo internacional para enviar vehiculos:<\/h2>\t\t\t\t<\/div>\n\t\t\t\t<\/div>\n\t\t\t\t<div class=\"elementor-element elementor-element-2d14d5c elementor-widget elementor-widget-text-editor\" data-id=\"2d14d5c\" data-element_type=\"widget\" data-widget_type=\"text-editor.default\">\n\t\t\t\t<div class=\"elementor-widget-container\">\n\t\t\t\t\t\t\t\t\t<p>Estos son los destinos de los pa\u00edses y puertos para los que ofrecemos servicios con precios competitivos de flete mar\u00edtimo para el evio internacional\u00a0de\u00a0su\u00a0vehiculo.<\/p>\t\t\t\t\t\t\t\t<\/div>\n\t\t\t\t<\/div>\n\t\t\t\t<div class=\"elementor-element elementor-element-109705e elementor-widget elementor-widget-toggle\" data-id=\"109705e\" data-element_type=\"widget\" data-widget_type=\"toggle.default\">\n\t\t\t\t<div class=\"elementor-widget-container\">\n\t\t\t\t\t\t\t<div class=\"elementor-toggle\">\n\t\t\t\t\t\t\t<div class=\"elementor-toggle-item\">\n\t\t\t\t\t<h2 id=\"elementor-tab-title-1731\" class=\"elementor-tab-title\" data-tab=\"1\" role=\"button\" aria-controls=\"elementor-tab-content-1731\" aria-expanded=\"false\">\n\t\t\t\t\t\t\t\t\t\t\t\t<span class=\"elementor-toggle-icon elementor-toggle-icon-left\" aria-hidden=\"true\">\n\t\t\t\t\t\t\t\t\t\t\t\t\t\t\t<span class=\"elementor-toggle-icon-closed\"><i class=\"fas fa-angle-down\"><\/i><\/span>\n\t\t\t\t\t\t\t\t<span class=\"elementor-toggle-icon-opened\"><i class=\"elementor-toggle-icon-opened fas fa-caret-up\"><\/i><\/span>\n\t\t\t\t\t\t\t\t\t\t\t\t\t<\/span>\n\t\t\t\t\t\t\t\t\t\t\t\t<a class=\"elementor-toggle-title\" tabindex=\"0\">\u00bfCu\u00e1nto cuesta enviar un coche\u00a0en\u00a0barco?<\/a>\n\t\t\t\t\t<\/h2>\n\n\t\t\t\t\t<div id=\"elementor-tab-content-1731\" class=\"elementor-tab-content elementor-clearfix\" data-tab=\"1\" role=\"region\" aria-labelledby=\"elementor-tab-title-1731\"><p>\u00bfCu\u00e1nto cuesta enviar un coche por barco? El precio del env\u00edo de coches en barco puede variar dependiendo de diversos factores de envio, el precio promedio para enviar un coche en barco es desde\u00a0850\u20ac\u00a0a\u00a03500\u20ac.<\/p><\/div>\n\t\t\t\t<\/div>\n\t\t\t\t\t\t\t\t\t\t<script type=\"application\/ld+json\">{\"@context\":\"https:\\\/\\\/schema.org\",\"@type\":\"FAQPage\",\"mainEntity\":[{\"@type\":\"Question\",\"name\":\"\\u00bfCu\\u00e1nto cuesta enviar un coche\\u00a0en\\u00a0barco?\",\"acceptedAnswer\":{\"@type\":\"Answer\",\"text\":\"<p>\\u00bfCu\\u00e1nto cuesta enviar un coche por barco? El precio del env\\u00edo de coches en barco puede variar dependiendo de diversos factores de envio, el precio promedio para enviar un coche en barco es desde\\u00a0850\\u20ac\\u00a0a\\u00a03500\\u20ac.<\\\/p>\"}}]}<\/script>\n\t\t\t\t\t<\/div>\n\t\t\t\t\t\t<\/div>\n\t\t\t\t<\/div>\n\t\t\t\t<div class=\"elementor-element elementor-element-f635986 elementor-align-center elementor-widget elementor-widget-button\" data-id=\"f635986\" data-element_type=\"widget\" data-widget_type=\"button.default\">\n\t\t\t\t<div class=\"elementor-widget-container\">\n\t\t\t\t\t\t\t\t\t<div class=\"elementor-button-wrapper\">\n\t\t\t\t\t<a class=\"elementor-button elementor-button-link elementor-size-md\" href=\"#elementor-action%3Aaction%3Dpopup%3Aopen%26settings%3DeyJpZCI6IjU5NTUiLCJ0b2dnbGUiOmZhbHNlfQ%3D%3D\">\n\t\t\t\t\t\t<span class=\"elementor-button-content-wrapper\">\n\t\t\t\t\t\t\t\t\t<span class=\"elementor-button-text\">PEDIR COTIZACI\u00d3N<\/span>\n\t\t\t\t\t<\/span>\n\t\t\t\t\t<\/a>\n\t\t\t\t<\/div>\n\t\t\t\t\t\t\t\t<\/div>\n\t\t\t\t<\/div>\n\t\t\t\t\t<\/div>\n\t\t<\/div>\n\t\t\t\t\t<\/div>\n\t\t<\/section>\n\t\t\t\t<section class=\"elementor-section elementor-top-section elementor-element elementor-element-4f1df10 elementor-section-full_width elementor-section-stretched elementor-section-height-default elementor-section-height-default\" data-id=\"4f1df10\" data-element_type=\"section\" data-settings=\"{&quot;stretch_section&quot;:&quot;section-stretched&quot;,&quot;background_background&quot;:&quot;classic&quot;}\">\n\t\t\t\t\t\t<div class=\"elementor-container elementor-column-gap-default\">\n\t\t\t\t\t<div class=\"elementor-column elementor-col-100 elementor-top-column elementor-element elementor-element-d1ebfa0\" data-id=\"d1ebfa0\" data-element_type=\"column\">\n\t\t\t<div class=\"elementor-widget-wrap elementor-element-populated\">\n\t\t\t\t\t\t<div class=\"elementor-element elementor-element-71d2c3d elementor-widget elementor-widget-spacer\" data-id=\"71d2c3d\" data-element_type=\"widget\" data-widget_type=\"spacer.default\">\n\t\t\t\t<div class=\"elementor-widget-container\">\n\t\t\t\t\t\t\t<div class=\"elementor-spacer\">\n\t\t\t<div class=\"elementor-spacer-inner\"><\/div>\n\t\t<\/div>\n\t\t\t\t\t\t<\/div>\n\t\t\t\t<\/div>\n\t\t\t\t\t<\/div>\n\t\t<\/div>\n\t\t\t\t\t<\/div>\n\t\t<\/section>\n\t\t\t\t<section class=\"elementor-section elementor-top-section elementor-element elementor-element-37fd8e2 elementor-section-stretched elementor-section-boxed elementor-section-height-default elementor-section-height-default\" data-id=\"37fd8e2\" data-element_type=\"section\" data-settings=\"{&quot;stretch_section&quot;:&quot;section-stretched&quot;}\">\n\t\t\t\t\t\t<div class=\"elementor-container elementor-column-gap-wide\">\n\t\t\t\t\t<div class=\"elementor-column elementor-col-100 elementor-top-column elementor-element elementor-element-696aaac\" data-id=\"696aaac\" data-element_type=\"column\">\n\t\t\t<div class=\"elementor-widget-wrap elementor-element-populated\">\n\t\t\t\t\t\t<section class=\"elementor-section elementor-inner-section elementor-element elementor-element-b0911fd elementor-section-boxed elementor-section-height-default elementor-section-height-default\" data-id=\"b0911fd\" data-element_type=\"section\">\n\t\t\t\t\t\t<div class=\"elementor-container elementor-column-gap-extended\">\n\t\t\t\t\t<div class=\"elementor-column elementor-col-100 elementor-inner-column elementor-element elementor-element-9557909\" data-id=\"9557909\" data-element_type=\"column\">\n\t\t\t<div class=\"elementor-widget-wrap elementor-element-populated\">\n\t\t\t\t\t\t<div class=\"elementor-element elementor-element-499d194 elementor-widget elementor-widget-toggle\" data-id=\"499d194\" data-element_type=\"widget\" data-widget_type=\"toggle.default\">\n\t\t\t\t<div class=\"elementor-widget-container\">\n\t\t\t\t\t\t\t<div class=\"elementor-toggle\">\n\t\t\t\t\t\t\t<div class=\"elementor-toggle-item\">\n\t\t\t\t\t<h3 id=\"elementor-tab-title-7711\" class=\"elementor-tab-title\" data-tab=\"1\" role=\"button\" aria-controls=\"elementor-tab-content-7711\" aria-expanded=\"false\">\n\t\t\t\t\t\t\t\t\t\t\t\t<span class=\"elementor-toggle-icon elementor-toggle-icon-left\" aria-hidden=\"true\">\n\t\t\t\t\t\t\t\t\t\t\t\t\t\t\t<span class=\"elementor-toggle-icon-closed\"><i class=\"fas fa-angle-down\"><\/i><\/span>\n\t\t\t\t\t\t\t\t<span class=\"elementor-toggle-icon-opened\"><i class=\"elementor-toggle-icon-opened fas fa-caret-up\"><\/i><\/span>\n\t\t\t\t\t\t\t\t\t\t\t\t\t<\/span>\n\t\t\t\t\t\t\t\t\t\t\t\t<a class=\"elementor-toggle-title\" tabindex=\"0\">ENVIAR VEHICULO A NORTE AMERICA<\/a>\n\t\t\t\t\t<\/h3>\n\n\t\t\t\t\t<div id=\"elementor-tab-content-7711\" class=\"elementor-tab-content elementor-clearfix\" data-tab=\"1\" role=\"region\" aria-labelledby=\"elementor-tab-title-7711\"><h5>Enviar contenedores a distintos puertos en Norte America:<\/h5><h5><span style=\"color: #365c83;\"><strong><a style=\"color: #365c83;\" href=\"https:\/\/www.brlogistics.net\/es\/enviar-coche-a-estados-unidos\/\">Enviar vehiculo a Estados Unidos<\/a><\/strong><\/span><\/h5><h5><span style=\"color: #365c83;\"><strong><a style=\"color: #365c83;\" href=\"https:\/\/www.brlogistics.net\/es\/enviar-coche-a-mexico\/\">Enviar vehiculo a M\u00e9xico<\/a><\/strong><\/span><\/h5><h5><a href=\"https:\/\/www.brlogistics.net\/es\/enviar-coche-a-canada\/\"><span style=\"color: #365c83;\"><strong>Enviar vehiculo a Canad\u00e1<\/strong><\/span><\/a><\/h5><\/div>\n\t\t\t\t<\/div>\n\t\t\t\t\t\t\t<div class=\"elementor-toggle-item\">\n\t\t\t\t\t<h3 id=\"elementor-tab-title-7712\" class=\"elementor-tab-title\" data-tab=\"2\" role=\"button\" aria-controls=\"elementor-tab-content-7712\" aria-expanded=\"false\">\n\t\t\t\t\t\t\t\t\t\t\t\t<span class=\"elementor-toggle-icon elementor-toggle-icon-left\" aria-hidden=\"true\">\n\t\t\t\t\t\t\t\t\t\t\t\t\t\t\t<span class=\"elementor-toggle-icon-closed\"><i class=\"fas fa-angle-down\"><\/i><\/span>\n\t\t\t\t\t\t\t\t<span class=\"elementor-toggle-icon-opened\"><i class=\"elementor-toggle-icon-opened fas fa-caret-up\"><\/i><\/span>\n\t\t\t\t\t\t\t\t\t\t\t\t\t<\/span>\n\t\t\t\t\t\t\t\t\t\t\t\t<a class=\"elementor-toggle-title\" tabindex=\"0\">ENVIAR VEHICULO A CENTRO AMERICA<\/a>\n\t\t\t\t\t<\/h3>\n\n\t\t\t\t\t<div id=\"elementor-tab-content-7712\" class=\"elementor-tab-content elementor-clearfix\" data-tab=\"2\" role=\"region\" aria-labelledby=\"elementor-tab-title-7712\"><h5>Enviar contenedores a distintos puertos en America Central:<\/h5><h5><span style=\"color: #365c83;\"><strong><a style=\"color: #365c83;\" href=\"https:\/\/www.brlogistics.net\/es\/enviar-un-vehiculo-a-costa-rica\/\">Enviar vehiculo a Costa Rica<\/a><\/strong><\/span><\/h5><h5><span style=\"color: #365c83;\"><strong><a style=\"color: #365c83;\" href=\"https:\/\/www.brlogistics.net\/es\/enviar-carro-a-guatemala\/\">Enviar vehiculo a Guatemala<\/a><\/strong><\/span><\/h5><h5><span style=\"color: #365c83;\"><strong><a style=\"color: #365c83;\" href=\"https:\/\/www.brlogistics.net\/es\/enviar-carro-a-honduras\/\">Enviar vehiculo a Honduras<\/a><\/strong><\/span><\/h5><h5><span style=\"color: #365c83;\"><strong><a style=\"color: #365c83;\" href=\"https:\/\/www.brlogistics.net\/es\/enviar-carro-a-el-salvador\/\">Enviar vehiculo a El Salvador<\/a><\/strong><\/span><\/h5><h5><span style=\"color: #365c83;\"><strong><a style=\"color: #365c83;\" href=\"https:\/\/www.brlogistics.net\/es\/enviar-carro-a-nicaragua\/\">Enviar vehiculo a Nicaragua<\/a><\/strong><\/span><\/h5><h5><span style=\"color: #365c83;\"><strong><a style=\"color: #365c83;\" href=\"https:\/\/www.brlogistics.net\/es\/enviar-carro-a-panama\/\">Enviar vehiculo a Panama<\/a><\/strong><\/span><\/h5><\/div>\n\t\t\t\t<\/div>\n\t\t\t\t\t\t\t<div class=\"elementor-toggle-item\">\n\t\t\t\t\t<h3 id=\"elementor-tab-title-7713\" class=\"elementor-tab-title\" data-tab=\"3\" role=\"button\" aria-controls=\"elementor-tab-content-7713\" aria-expanded=\"false\">\n\t\t\t\t\t\t\t\t\t\t\t\t<span class=\"elementor-toggle-icon elementor-toggle-icon-left\" aria-hidden=\"true\">\n\t\t\t\t\t\t\t\t\t\t\t\t\t\t\t<span class=\"elementor-toggle-icon-closed\"><i class=\"fas fa-angle-down\"><\/i><\/span>\n\t\t\t\t\t\t\t\t<span class=\"elementor-toggle-icon-opened\"><i class=\"elementor-toggle-icon-opened fas fa-caret-up\"><\/i><\/span>\n\t\t\t\t\t\t\t\t\t\t\t\t\t<\/span>\n\t\t\t\t\t\t\t\t\t\t\t\t<a class=\"elementor-toggle-title\" tabindex=\"0\">ENVIAR VEHICULO A SUD AMERICA<\/a>\n\t\t\t\t\t<\/h3>\n\n\t\t\t\t\t<div id=\"elementor-tab-content-7713\" class=\"elementor-tab-content elementor-clearfix\" data-tab=\"3\" role=\"region\" aria-labelledby=\"elementor-tab-title-7713\"><h5>Enviar vehiculo a distintos puertos en Sud America:<\/h5><h5><span style=\"color: #365c83;\"><strong><a style=\"color: #365c83;\" href=\"https:\/\/www.brlogistics.net\/es\/enviar-coche-a-argentina\/\">Enviar vehiculo a Argentina<\/a><\/strong><\/span><\/h5><h5><span style=\"color: #365c83;\"><strong><a style=\"color: #365c83;\" href=\"https:\/\/www.brlogistics.net\/es\/enviar-autos-a-uruguay\/\">Enviar vehiculo a Uruguay<\/a><\/strong><\/span><\/h5><h5><span style=\"color: #365c83;\"><strong><a style=\"color: #365c83;\" href=\"https:\/\/www.brlogistics.net\/es\/enviar-auto-a-chile\/\">Enviar vehiculo a Chile<\/a><\/strong><\/span><\/h5><h5><span style=\"color: #365c83;\"><strong><a style=\"color: #365c83;\" href=\"https:\/\/www.brlogistics.net\/es\/enviar-carro-a-colombia\/\">Enviar vehiculo a Colombia<\/a><\/strong><\/span><\/h5><h5><span style=\"color: #365c83;\"><strong><a style=\"color: #365c83;\" href=\"https:\/\/www.brlogistics.net\/es\/enviar-auto-a-peru\/\">Enviar vehiculo a Per\u00fa<\/a><\/strong><\/span><\/h5><h5><a href=\"https:\/\/www.brlogistics.net\/es\/enviar-carro-a-ecuador\/\"><span style=\"color: #365c83;\"><strong>Enviar vehiculo a Ecuador<\/strong><\/span><\/a><\/h5><\/div>\n\t\t\t\t<\/div>\n\t\t\t\t\t\t\t<div class=\"elementor-toggle-item\">\n\t\t\t\t\t<h3 id=\"elementor-tab-title-7714\" class=\"elementor-tab-title\" data-tab=\"4\" role=\"button\" aria-controls=\"elementor-tab-content-7714\" aria-expanded=\"false\">\n\t\t\t\t\t\t\t\t\t\t\t\t<span class=\"elementor-toggle-icon elementor-toggle-icon-left\" aria-hidden=\"true\">\n\t\t\t\t\t\t\t\t\t\t\t\t\t\t\t<span class=\"elementor-toggle-icon-closed\"><i class=\"fas fa-angle-down\"><\/i><\/span>\n\t\t\t\t\t\t\t\t<span class=\"elementor-toggle-icon-opened\"><i class=\"elementor-toggle-icon-opened fas fa-caret-up\"><\/i><\/span>\n\t\t\t\t\t\t\t\t\t\t\t\t\t<\/span>\n\t\t\t\t\t\t\t\t\t\t\t\t<a class=\"elementor-toggle-title\" tabindex=\"0\">ENVIAR VEHICULO A EUROPA<\/a>\n\t\t\t\t\t<\/h3>\n\n\t\t\t\t\t<div id=\"elementor-tab-content-7714\" class=\"elementor-tab-content elementor-clearfix\" data-tab=\"4\" role=\"region\" aria-labelledby=\"elementor-tab-title-7714\"><h5>Enviar coche a Europa:<\/h5><h5><a href=\"https:\/\/www.brlogistics.net\/es\/enviar-coche-a-espana\/\"><span style=\"color: #365c83;\"><strong>Enviar vehiculo a Espa\u00f1a<\/strong><\/span><\/a><\/h5><\/div>\n\t\t\t\t<\/div>\n\t\t\t\t\t\t\t\t\t\t<script type=\"application\/ld+json\">{\"@context\":\"https:\\\/\\\/schema.org\",\"@type\":\"FAQPage\",\"mainEntity\":[{\"@type\":\"Question\",\"name\":\"ENVIAR VEHICULO A NORTE AMERICA\",\"acceptedAnswer\":{\"@type\":\"Answer\",\"text\":\"<h5>Enviar contenedores a distintos puertos en Norte America:<\\\/h5><h5><span style=\\\"color: #365c83;\\\"><strong><a style=\\\"color: #365c83;\\\" href=\\\"https:\\\/\\\/www.brlogistics.net\\\/es\\\/enviar-coche-a-estados-unidos\\\/\\\">Enviar vehiculo a Estados Unidos<\\\/a><\\\/strong><\\\/span><\\\/h5><h5><span style=\\\"color: #365c83;\\\"><strong><a style=\\\"color: #365c83;\\\" href=\\\"https:\\\/\\\/www.brlogistics.net\\\/es\\\/enviar-coche-a-mexico\\\/\\\">Enviar vehiculo a M\\u00e9xico<\\\/a><\\\/strong><\\\/span><\\\/h5><h5><a href=\\\"https:\\\/\\\/www.brlogistics.net\\\/es\\\/enviar-coche-a-canada\\\/\\\"><span style=\\\"color: #365c83;\\\"><strong>Enviar vehiculo a Canad\\u00e1<\\\/strong><\\\/span><\\\/a><\\\/h5>\"}},{\"@type\":\"Question\",\"name\":\"ENVIAR VEHICULO A CENTRO AMERICA\",\"acceptedAnswer\":{\"@type\":\"Answer\",\"text\":\"<h5>Enviar contenedores a distintos puertos en America Central:<\\\/h5><h5><span style=\\\"color: #365c83;\\\"><strong><a style=\\\"color: #365c83;\\\" href=\\\"https:\\\/\\\/www.brlogistics.net\\\/es\\\/enviar-un-vehiculo-a-costa-rica\\\/\\\">Enviar vehiculo a Costa Rica<\\\/a><\\\/strong><\\\/span><\\\/h5><h5><span style=\\\"color: #365c83;\\\"><strong><a style=\\\"color: #365c83;\\\" href=\\\"https:\\\/\\\/www.brlogistics.net\\\/es\\\/enviar-carro-a-guatemala\\\/\\\">Enviar vehiculo a Guatemala<\\\/a><\\\/strong><\\\/span><\\\/h5><h5><span style=\\\"color: #365c83;\\\"><strong><a style=\\\"color: #365c83;\\\" href=\\\"https:\\\/\\\/www.brlogistics.net\\\/es\\\/enviar-carro-a-honduras\\\/\\\">Enviar vehiculo a Honduras<\\\/a><\\\/strong><\\\/span><\\\/h5><h5><span style=\\\"color: #365c83;\\\"><strong><a style=\\\"color: #365c83;\\\" href=\\\"https:\\\/\\\/www.brlogistics.net\\\/es\\\/enviar-carro-a-el-salvador\\\/\\\">Enviar vehiculo a El Salvador<\\\/a><\\\/strong><\\\/span><\\\/h5><h5><span style=\\\"color: #365c83;\\\"><strong><a style=\\\"color: #365c83;\\\" href=\\\"https:\\\/\\\/www.brlogistics.net\\\/es\\\/enviar-carro-a-nicaragua\\\/\\\">Enviar vehiculo a Nicaragua<\\\/a><\\\/strong><\\\/span><\\\/h5><h5><span style=\\\"color: #365c83;\\\"><strong><a style=\\\"color: #365c83;\\\" href=\\\"https:\\\/\\\/www.brlogistics.net\\\/es\\\/enviar-carro-a-panama\\\/\\\">Enviar vehiculo a Panama<\\\/a><\\\/strong><\\\/span><\\\/h5>\"}},{\"@type\":\"Question\",\"name\":\"ENVIAR VEHICULO A SUD AMERICA\",\"acceptedAnswer\":{\"@type\":\"Answer\",\"text\":\"<h5>Enviar vehiculo a distintos puertos en Sud America:<\\\/h5><h5><span style=\\\"color: #365c83;\\\"><strong><a style=\\\"color: #365c83;\\\" href=\\\"https:\\\/\\\/www.brlogistics.net\\\/es\\\/enviar-coche-a-argentina\\\/\\\">Enviar vehiculo a Argentina<\\\/a><\\\/strong><\\\/span><\\\/h5><h5><span style=\\\"color: #365c83;\\\"><strong><a style=\\\"color: #365c83;\\\" href=\\\"https:\\\/\\\/www.brlogistics.net\\\/es\\\/enviar-autos-a-uruguay\\\/\\\">Enviar vehiculo a Uruguay<\\\/a><\\\/strong><\\\/span><\\\/h5><h5><span style=\\\"color: #365c83;\\\"><strong><a style=\\\"color: #365c83;\\\" href=\\\"https:\\\/\\\/www.brlogistics.net\\\/es\\\/enviar-auto-a-chile\\\/\\\">Enviar vehiculo a Chile<\\\/a><\\\/strong><\\\/span><\\\/h5><h5><span style=\\\"color: #365c83;\\\"><strong><a style=\\\"color: #365c83;\\\" href=\\\"https:\\\/\\\/www.brlogistics.net\\\/es\\\/enviar-carro-a-colombia\\\/\\\">Enviar vehiculo a Colombia<\\\/a><\\\/strong><\\\/span><\\\/h5><h5><span style=\\\"color: #365c83;\\\"><strong><a style=\\\"color: #365c83;\\\" href=\\\"https:\\\/\\\/www.brlogistics.net\\\/es\\\/enviar-auto-a-peru\\\/\\\">Enviar vehiculo a Per\\u00fa<\\\/a><\\\/strong><\\\/span><\\\/h5><h5><a href=\\\"https:\\\/\\\/www.brlogistics.net\\\/es\\\/enviar-carro-a-ecuador\\\/\\\"><span style=\\\"color: #365c83;\\\"><strong>Enviar vehiculo a Ecuador<\\\/strong><\\\/span><\\\/a><\\\/h5>\"}},{\"@type\":\"Question\",\"name\":\"ENVIAR VEHICULO A EUROPA\",\"acceptedAnswer\":{\"@type\":\"Answer\",\"text\":\"<h5>Enviar coche a Europa:<\\\/h5><h5><a href=\\\"https:\\\/\\\/www.brlogistics.net\\\/es\\\/enviar-coche-a-espana\\\/\\\"><span style=\\\"color: #365c83;\\\"><strong>Enviar vehiculo a Espa\\u00f1a<\\\/strong><\\\/span><\\\/a><\\\/h5>\"}}]}<\/script>\n\t\t\t\t\t<\/div>\n\t\t\t\t\t\t<\/div>\n\t\t\t\t<\/div>\n\t\t\t\t\t<\/div>\n\t\t<\/div>\n\t\t\t\t\t<\/div>\n\t\t<\/section>\n\t\t\t\t\t<\/div>\n\t\t<\/div>\n\t\t\t\t\t<\/div>\n\t\t<\/section>\n\t\t\t\t<\/div>\n\t\t","protected":false},"excerpt":{"rendered":"<p>Envio internacional de vehiculos El servicio de env\u00edo internacional de coches es uno de los transportes mar\u00edtimos m\u00e1s populares para enviar todo tipo de vehiculos a nivel internacional. En BR LOGISTICS EUROPA ofrecemos un servicio confiable de envio de automoviles a los principales puertos\u00a0del\u00a0mundo. Destinos de transporte mar\u00edtimo internacional para enviar vehiculos: Estos son los [&hellip;]<\/p>\n","protected":false},"author":2,"featured_media":0,"parent":0,"menu_order":0,"comment_status":"closed","ping_status":"closed","template":"","meta":{"site-sidebar-layout":"no-sidebar","site-content-layout":"page-builder","ast-site-content-layout":"","site-content-style":"default","site-sidebar-style":"default","ast-global-header-display":"","ast-banner-title-visibility":"","ast-main-header-display":"","ast-hfb-above-header-display":"","ast-hfb-below-header-display":"","ast-hfb-mobile-header-display":"","site-post-title":"disabled","ast-breadcrumbs-content":"","ast-featured-img":"disabled","footer-sml-layout":"","theme-transparent-header-meta":"","adv-header-id-meta":"","stick-header-meta":"","header-above-stick-meta":"","header-main-stick-meta":"","header-below-stick-meta":"","astra-migrate-meta-layouts":"default","ast-page-background-enabled":"default","ast-page-background-meta":{"desktop":{"background-color":"var(--ast-global-color-4)","background-image":"","background-repeat":"repeat","background-position":"center center","background-size":"auto","background-attachment":"scroll","background-type":"","background-media":"","overlay-type":"","overlay-color":"","overlay-opacity":"","overlay-gradient":""},"tablet":{"background-color":"","background-image":"","background-repeat":"repeat","background-position":"center center","background-size":"auto","background-attachment":"scroll","background-type":"","background-media":"","overlay-type":"","overlay-color":"","overlay-opacity":"","overlay-gradient":""},"mobile":{"background-color":"","background-image":"","background-repeat":"repeat","background-position":"center center","background-size":"auto","background-attachment":"scroll","background-type":"","background-media":"","overlay-type":"","overlay-color":"","overlay-opacity":"","overlay-gradient":""}},"ast-content-background-meta":{"desktop":{"background-color":"var(--ast-global-color-5)","background-image":"","background-repeat":"repeat","background-position":"center center","background-size":"auto","background-attachment":"scroll","background-type":"","background-media":"","overlay-type":"","overlay-color":"","overlay-opacity":"","overlay-gradient":""},"tablet":{"background-color":"var(--ast-global-color-5)","background-image":"","background-repeat":"repeat","background-position":"center center","background-size":"auto","background-attachment":"scroll","background-type":"","background-media":"","overlay-type":"","overlay-color":"","overlay-opacity":"","overlay-gradient":""},"mobile":{"background-color":"var(--ast-global-color-5)","background-image":"","background-repeat":"repeat","background-position":"center center","background-size":"auto","background-attachment":"scroll","background-type":"","background-media":"","overlay-type":"","overlay-color":"","overlay-opacity":"","overlay-gradient":""}},"_joinchat":[],"footnotes":""},"class_list":["post-8484","page","type-page","status-publish","hentry"],"aioseo_notices":[],"_links":{"self":[{"href":"https:\/\/www.brlogistics.net\/es\/wp-json\/wp\/v2\/pages\/8484","targetHints":{"allow":["GET"]}}],"collection":[{"href":"https:\/\/www.brlogistics.net\/es\/wp-json\/wp\/v2\/pages"}],"about":[{"href":"https:\/\/www.brlogistics.net\/es\/wp-json\/wp\/v2\/types\/page"}],"author":[{"embeddable":true,"href":"https:\/\/www.brlogistics.net\/es\/wp-json\/wp\/v2\/users\/2"}],"replies":[{"embeddable":true,"href":"https:\/\/www.brlogistics.net\/es\/wp-json\/wp\/v2\/comments?post=8484"}],"version-history":[{"count":25,"href":"https:\/\/www.brlogistics.net\/es\/wp-json\/wp\/v2\/pages\/8484\/revisions"}],"predecessor-version":[{"id":8532,"href":"https:\/\/www.brlogistics.net\/es\/wp-json\/wp\/v2\/pages\/8484\/revisions\/8532"}],"wp:attachment":[{"href":"https:\/\/www.brlogistics.net\/es\/wp-json\/wp\/v2\/media?parent=8484"}],"curies":[{"name":"wp","href":"https:\/\/api.w.org\/{rel}","templated":true}]}}