{"id":5130,"date":"2020-06-03T10:17:18","date_gmt":"2020-06-03T10:17:18","guid":{"rendered":"https:\/\/www.brlogistics.net\/es\/?page_id=5130"},"modified":"2023-01-10T13:24:57","modified_gmt":"2023-01-10T13:24:57","slug":"desde-shanghai-a-algeciras","status":"publish","type":"page","link":"https:\/\/www.brlogistics.net\/es\/enviar-contenedor\/desde-shanghai-a-algeciras\/","title":{"rendered":"Enviar contenedores desde Shanghai China a Algeciras"},"content":{"rendered":"\n<h2 class=\"wp-block-heading\" id=\"how-much-does-it-cost-to-ship-a-container-to-from-rotterdam\">Cu\u00e1nto cuesta enviar un contenedor desde Shanghai a Puerto de Algeciras?<\/h2>\n\n\n\n<p class=\"has-text-align-center\"> El costo para enviar un contenedor desde Shanghai China a Puerto de Algeciras Espa\u00f1a es Desde \u20ac1400 + Gastos locales de origen (EXW) para un contenedor de 20ft y desde \u20ac2400 + Gastos locales de origen (EXW) para un contenedor de 40ft, los precios para enviar un contenedor mar\u00edtimo desde Shanghai a Algeciras var\u00edan dependiendo del origen de la carga, lugar de carga del contenedor (Fabrica), tipo de mercanc\u00eda, puerto de exportaci\u00f3n y terminal de destino en Algeciras.<br><br>Solicite una cotizaci\u00f3n detallada en el siguiente bot\u00f3n:<br>[vc_column][get_a_quote button_text=\u00bbSolicitar Cotizaci\u00f3n\u00bb form_title=\u00bbSolicitar cotizaci\u00f3n para enviar un contenedor a Algeciras.\u00bb][\/vc_column][vc_row][vc_column]<br><\/p>\n\n\n\n<h3 class=\"wp-block-heading\">Gastos Locales de exportacion estimados en puerto de origen (EXW) Shanghai China (EXW charges charges in Shanghai Port)<\/h3>\n\n\n\n<p>La siguiente tabla contiene ejemplos de los gastos locales para una exportaci\u00f3n desde el Puerto de Shanghai China a el Puerto de Algeciras Espa\u00f1a.<br>[supsystic-tables id=20]<\/p>\n\n\n\n<h2 class=\"wp-block-heading\">Tarifas de flete mar\u00edtimo de env\u00edo de contenedores desde Shanghai a Algeciras<\/h2>\n\n\n\n<p>Estos son ejemplos de las tarifas mas baratas para carga y envi\u00f3 de contenedores de 40 pies y 20 pies (FCL) desde Shanghai a Puerto de Algeciras. Cargados con mercanc\u00eda comercial, Textiles, Electr\u00f3nicos, equipamiento medico, maquinaria, coches, motocicletas, juguetes, o efectos personales desde Shanghai China a Algeciras Espa\u00f1a.<br>[supsystic-tables id=29]<\/p>\n\n\n\n<h2 class=\"wp-block-heading\">Enviar contenedor desde Shanghai a Puerto de Algeciras.<\/h2>\n\n\n\n<p>Enviar un contenedor a puerto de Algeciras desde Shanghai China por <a href=\"https:\/\/www.brlogistics.net\/es\/service\/transporte-maritimo\/\" class=\"aioseop-link\">transporte mar\u00edtimo<\/a> usando un contenedor completo (FCL) o contenedor compartido (LCL o grupaje consolidado), BR LOGISTICS te ofrece un servicio completo desde Shanghai China a Algeciras Espa\u00f1a.<\/p>\n\n\n\n<h3 class=\"wp-block-heading\">Puerto de Algeciras<\/h3>\n\n\n\n<p><strong>El puerto de Algeciras<\/strong><\/p>\n\n\n\n<p><strong>El Puerto de Algeciras <\/strong>(Espa\u00f1a) El Puerto de Algeciras es el puerto de la ciudad de Algeciras, que ciudad ubicada en la provincia de C\u00e1diz en la comunidad aut\u00f3noma de Andaluc\u00eda, en el sur de Espa\u00f1a. Algeciras es puerto comercial, pesquero y de pasajeros, especializado en envios e importaciones en contenedores mar\u00edtimos. Este puerto se compone de numerosas infraestructuras mar\u00edtimas repartidas por toda la bah\u00eda de Gibraltar. Algeciras y La L\u00ednea de la Concepci\u00f3n dan a la bah\u00eda, Est\u00e1 gestionado por la Autoridad Portuaria de la Bah\u00eda de Algeciras.<br><br>Es uno de los puertos m\u00e1s grande de Espa\u00f1a con casi 100 millones de toneladas en 2019 y el m\u00e1s grande en el Mar Mediterr\u00e1neo, el cual lo pone en un punto estrategico para hacer transbordos de contenedores provenientes desde China para toda Espa\u00f1a.<\/p>\n\n\n\n<h4 class=\"wp-block-heading\" id=\"location-of-montevideo\">Ubicaci\u00f3n del puerto de Algeciras<\/h4>\n\n\n\n<p><br>Latitud: 36\u00b0 8&#8242; 55&#8243; N<br>Longuitud: 5\u00b0 23&#8242; 58&#8243; W<br><br>UN\/LOCODE: ESALG<\/p>\n\n\n\n<p>Direcci\u00f3n del Puerto de Algeciras:<br>Avda. de la Hispanidad, 2<br>11207 Algeciras<br>TEL# +34 956 58 54 00<\/p>\n\n\n\n<h3 class=\"wp-block-heading\">Ubicaci\u00f3n del puerto de Shanghai para envios a puerto de Algeciras<\/h3>\n\n\n\n<p><br>Latitud: 31\u00b0 13&#8242; 19&#8243; N , Longuitud: 121\u00b0 29&#8242; 22&#8243; E<br>UN LCODE: CNSHA<br>Direccion del puerto de Shnaghai:<br>358 East Daming Road<br>Shanghai, Shanghai 200080, China<br>Telefono: +8621 55333388<\/p>\n\n\n\n<h2 class=\"wp-block-heading\">Salidas de barcos con contenedores desde Shanghai con destino a puerto de Algeciras<\/h2>\n\n\n\n<p>En BR LOGISTICS tenemos servicio semanal desde Shanghai al puerto de Algeciras Espa\u00f1a, con salidas de embarcaciones desde los siguientes puertos de contenedores en Shanghai: Shanghai Container Terminal con destino Algeciras.<\/p>\n\n\n\n<p>La siguiente tabla contiene los principales barcos que salen de Shanghai y llegan al puerto de Algeciras Espa\u00f1a.<br>[supsystic-tables id=30]<\/p>\n\n\n\n<h3 class=\"wp-block-heading\">Tiempos de tr\u00e1nsito estimado para enviar un contenedor desde Shanghai a Puerto de Algeciras<\/h3>\n\n\n\n<p>La siguiente tabla contiene tiempos estimados de transito de env\u00edos de contenedores mar\u00edtimos desde Shanghai China hacia Puerto de Algeciras Espa\u00f1a<br>[supsystic-tables id=31]<\/p>\n\n\n\n<h3 class=\"wp-block-heading\">Ejemplos de tiempos de tr\u00e1nsitos m\u00e1s cortos desde Shanghai a Algeciras<\/h3>\n\n\n\n<p>El tiempo de tr\u00e1nsito m\u00e1s corto para enviar un contenedor desde Shanghai a Barcelona es usando la terminal de exportaci\u00f3n de servicio directo de Shanghai con Mediterranean Shipping Company (MSC) o Maersk Line con un transtio de 20 a 30 dias estimado hasta puerto de Algeciras,&nbsp; La siguiente ruta m\u00e1s r\u00e1pida es desde Shanghai hacia Algeciras usando la naviera HAPAG LLOYD, con un promedio de 33 d\u00edas de transito hasta el puerto de Algeciras.<\/p>\n\n\n\n<h3 class=\"wp-block-heading\">Ejemplos de tiempos de&nbsp;tr\u00e1nsitos m\u00e1s largos desde Shanghai a puerto de Algeciras<\/h3>\n\n\n\n<p>El tiempo de tr\u00e1nsito m\u00e1s largo para enviar un contenedor desde Shanghai en China a Algeciras en Cadiz Espa\u00f1a es la ruta desde Shanghai container terminal, con un promedio de 34 d\u00edas. La siguiente ruta m\u00e1s largas o que lleva mas d\u00edas de transito mar\u00edtimo es desde Shanghai terminal a Algeciras terminal, es  de 35 d\u00edas estimados de transporte pero tambi\u00e9n la mas barata para enviar contenedores desde Shanghai a Algeciras.<\/p>\n\n\n\n<h3 class=\"wp-block-heading\">Rutas populares para enviar contenedores desde Shanghai a puerto de Algeciras.<\/h3>\n\n\n\n<p>En BR LOGISTICS empresa ofrecemos muchas variantes de rutas para enviar contenedores a Algeciras desde Shanghai China, las siguientes son las 5 mas populares rutas de transporte usadas por los exportadores e importadores para el Puerto de Algeciras.<br>[supsystic-tables id=32]<\/p>\n\n\n\n<h3 class=\"wp-block-heading\">Destinos alternativos de env\u00edos en contenedor mar\u00edtimo desde Shanghai a Algeciras Espa\u00f1a<\/h3>\n\n\n\n<p>Las ofertas alternativas a Algeciras para enviar contenedores a Espa\u00f1a desde Shanghai son a Puerto de Cadiz, Puerto de Malaga, entre otros puertos de la Comunidad de Andalucia dependiendo del destino final de la carga, y si se quiere enviar a Andalucia en mediterr\u00e1neo o a otra provincia en Espa\u00f1a. Tambien el puerto de Algeciras es usado como puerto de transbordo para muchos contenedores que van al mediterr\u00e1neo.<\/p>\n\n\n\n<h2 class=\"wp-block-heading\">Importar desde Shanghai China a Puerto de Algeciras<\/h2>\n\n\n\n<p>Para importar un contenedor desde Shanghai China a Puerto de Barcelona se necesita contratar a un despachante de aduanas o customs broker en Barcelona Espa\u00f1a para el pago de impuestos, aranceles, y el IVA, tambi\u00e9n un transitorio forwarder para manejar el pago por los gastos locales de destino en Puerto de Barcelona, como el THC del puerto, tasas portuarias de Barcelona y el transporte del contenedor desde el puerto de Barcelona a la nave o direcci\u00f3n del cliente final.<\/p>\n\n\n\n<h3 class=\"wp-block-heading\">Gastos locales estimados en Puerto de Algeciras:<\/h3>\n\n\n\n<p>Tasa portuaria THC: \u20ac235 , Gastos locales de Naviera Mar\u00edtima \u20ac245 Gastos de Manejo y documentaci\u00f3n \u20ac200, transporte en la Zona de Algeciras \u20ac255<\/p>\n\n\n\n<h3 class=\"wp-block-heading\">Costos estimados de importaci\u00f3n en contenedor en Algeciras desde Shanghai<\/h3>\n\n\n\n<p>El costo para importar depender\u00e1 mucho del commodity o mercanc\u00eda a importar. Los aranceles normales para importar en Algeciras van de entre el 3% y el 15% de impuestos, mas el IVA que en Espa\u00f1a es un 21%. El costo de un despacho de aduanas va de entre 125\u20ac euros a 200\u20ac euros mas IVA.<\/p>\n\n\n<p><!--StartFragment--><\/p>\n<p><!--EndFragment--><\/p>\n<h1><!-- \/wp:paragraph --><!-- wp:heading {\"level\":3} --><\/h1>\n<h1><!-- \/wp:heading --><!-- wp:paragraph --><\/h1>\n<p><!-- wp:heading --><\/p>\n<p><!-- wp:paragraph --><\/p>\n<p><!-- \/wp:paragraph --><\/p>\n<p><\/p>\n<p><!-- wp:paragraph --><\/p>\n<p><!-- \/wp:paragraph --><\/p>","protected":false},"excerpt":{"rendered":"<p>Cu\u00e1nto cuesta enviar un contenedor desde Shanghai a Puerto de Algeciras? El costo para enviar un contenedor desde Shanghai China a Puerto de Algeciras Espa\u00f1a es Desde \u20ac1400 + Gastos locales de origen (EXW) para un contenedor de 20ft y desde \u20ac2400 + Gastos locales de origen (EXW) para un contenedor de 40ft, los precios [&hellip;]<\/p>\n","protected":false},"author":2,"featured_media":0,"parent":4325,"menu_order":0,"comment_status":"closed","ping_status":"closed","template":"","meta":{"site-sidebar-layout":"default","site-content-layout":"","ast-site-content-layout":"","site-content-style":"default","site-sidebar-style":"default","ast-global-header-display":"","ast-banner-title-visibility":"","ast-main-header-display":"","ast-hfb-above-header-display":"","ast-hfb-below-header-display":"","ast-hfb-mobile-header-display":"","site-post-title":"","ast-breadcrumbs-content":"","ast-featured-img":"","footer-sml-layout":"","theme-transparent-header-meta":"","adv-header-id-meta":"","stick-header-meta":"","header-above-stick-meta":"","header-main-stick-meta":"","header-below-stick-meta":"","astra-migrate-meta-layouts":"default","ast-page-background-enabled":"default","ast-page-background-meta":{"desktop":{"background-color":"var(--ast-global-color-4)","background-image":"","background-repeat":"repeat","background-position":"center center","background-size":"auto","background-attachment":"scroll","background-type":"","background-media":"","overlay-type":"","overlay-color":"","overlay-opacity":"","overlay-gradient":""},"tablet":{"background-color":"","background-image":"","background-repeat":"repeat","background-position":"center center","background-size":"auto","background-attachment":"scroll","background-type":"","background-media":"","overlay-type":"","overlay-color":"","overlay-opacity":"","overlay-gradient":""},"mobile":{"background-color":"","background-image":"","background-repeat":"repeat","background-position":"center center","background-size":"auto","background-attachment":"scroll","background-type":"","background-media":"","overlay-type":"","overlay-color":"","overlay-opacity":"","overlay-gradient":""}},"ast-content-background-meta":{"desktop":{"background-color":"var(--ast-global-color-5)","background-image":"","background-repeat":"repeat","background-position":"center center","background-size":"auto","background-attachment":"scroll","background-type":"","background-media":"","overlay-type":"","overlay-color":"","overlay-opacity":"","overlay-gradient":""},"tablet":{"background-color":"var(--ast-global-color-5)","background-image":"","background-repeat":"repeat","background-position":"center center","background-size":"auto","background-attachment":"scroll","background-type":"","background-media":"","overlay-type":"","overlay-color":"","overlay-opacity":"","overlay-gradient":""},"mobile":{"background-color":"var(--ast-global-color-5)","background-image":"","background-repeat":"repeat","background-position":"center center","background-size":"auto","background-attachment":"scroll","background-type":"","background-media":"","overlay-type":"","overlay-color":"","overlay-opacity":"","overlay-gradient":""}},"_joinchat":[],"footnotes":""},"class_list":["post-5130","page","type-page","status-publish","hentry"],"aioseo_notices":[],"_links":{"self":[{"href":"https:\/\/www.brlogistics.net\/es\/wp-json\/wp\/v2\/pages\/5130","targetHints":{"allow":["GET"]}}],"collection":[{"href":"https:\/\/www.brlogistics.net\/es\/wp-json\/wp\/v2\/pages"}],"about":[{"href":"https:\/\/www.brlogistics.net\/es\/wp-json\/wp\/v2\/types\/page"}],"author":[{"embeddable":true,"href":"https:\/\/www.brlogistics.net\/es\/wp-json\/wp\/v2\/users\/2"}],"replies":[{"embeddable":true,"href":"https:\/\/www.brlogistics.net\/es\/wp-json\/wp\/v2\/comments?post=5130"}],"version-history":[{"count":22,"href":"https:\/\/www.brlogistics.net\/es\/wp-json\/wp\/v2\/pages\/5130\/revisions"}],"predecessor-version":[{"id":7646,"href":"https:\/\/www.brlogistics.net\/es\/wp-json\/wp\/v2\/pages\/5130\/revisions\/7646"}],"up":[{"embeddable":true,"href":"https:\/\/www.brlogistics.net\/es\/wp-json\/wp\/v2\/pages\/4325"}],"wp:attachment":[{"href":"https:\/\/www.brlogistics.net\/es\/wp-json\/wp\/v2\/media?parent=5130"}],"curies":[{"name":"wp","href":"https:\/\/api.w.org\/{rel}","templated":true}]}}