{"id":4047,"date":"2019-10-04T10:22:47","date_gmt":"2019-10-04T10:22:47","guid":{"rendered":"https:\/\/www.brlogistics.net\/es\/?page_id=4047"},"modified":"2019-11-29T13:08:23","modified_gmt":"2019-11-29T13:08:23","slug":"service-roro-roll-on-roll-off-europa-al-caribe-y-sur-america","status":"publish","type":"page","link":"https:\/\/www.brlogistics.net\/es\/service-roro-roll-on-roll-off-europa-al-caribe-y-sur-america\/","title":{"rendered":"Europa al Caribe y Sur America"},"content":{"rendered":"<p style=\"text-align: left;\">En BR LOGSITICS ofrecemos servicios de <a href=\"https:\/\/www.brlogistics.net\/es\/service\/roro-roll-on-roll-off\/\"><strong>Roll on Roll off o Carga Rodada de veh\u00edculos <\/strong><\/a>desde los principales puertos de Europa (Espa\u00f1a, B\u00e9lgica, Holanda, Francia) hacia El Caribe y Am\u00e9rica del Sur.<\/p>\n<p style=\"text-align: left;\"><strong>El Caribe<\/strong> con destinos Republica Dominicana, Cuba, Puerto Rico, Jamaica, Guadalupe, Martinica, Trinidad y Tobago, Panam\u00e1, M\u00e9xico, Honduras, Guatemala.<\/p>\n<p style=\"text-align: left;\"><strong>Am\u00e9rica del Sur<\/strong> con destinos Colombia, Brasil, Uruguay, Argentina, Ecuador, Per\u00fa, y Chile.<\/p>\n<h3 style=\"text-align: center;\"><strong>Servicio de RO-RO desde los siguientes puertos de Espa\u00f1a hacia El Caribe:<\/strong><\/h3>\n<p>Los tipos de vehiculos que se pueden enviar desde Espa\u00f1a por carga rodada a el Caribe son: Coches, automoviles, carros, furgonetas, camiones, camionetas, botes, lanchas, moto de agua en trailer, jet ski en trailer.<\/p>\n<h4 style=\"text-align: center;\">Salidas desde <strong>Puerto de Vigo Pontevedra<\/strong> a Cartagena Colombia, La Habana Cuba, Santo Domingo Republica Dominicana, San Juan Puerto Rico, Pointe a Pitre Guadalupe, Fort de France Martinica, Port of Spain Trinidad y Tobago.<\/h4>\n<p>Enviar un vehiculo desde el Puerto de Vigo a El Caribe con el servicio de RORO carga rodada como lo muestra el siguiente mapa.<\/p>\n<figure id=\"attachment_4093\" aria-describedby=\"caption-attachment-4093\" style=\"width: 1200px\" class=\"wp-caption aligncenter\"><img fetchpriority=\"high\" decoding=\"async\" class=\" wp-image-4093\" src=\"https:\/\/www.brlogistics.net\/es\/wp-content\/uploads\/2019\/10\/MAP-PONTEVEDRA-TO-EL-CARIBE-300x180.jpg\" alt=\"\" width=\"1200\" height=\"720\" srcset=\"https:\/\/www.brlogistics.net\/es\/wp-content\/uploads\/2019\/10\/MAP-PONTEVEDRA-TO-EL-CARIBE-300x180.jpg 300w, https:\/\/www.brlogistics.net\/es\/wp-content\/uploads\/2019\/10\/MAP-PONTEVEDRA-TO-EL-CARIBE-768x460.jpg 768w, https:\/\/www.brlogistics.net\/es\/wp-content\/uploads\/2019\/10\/MAP-PONTEVEDRA-TO-EL-CARIBE-1024x613.jpg 1024w, https:\/\/www.brlogistics.net\/es\/wp-content\/uploads\/2019\/10\/MAP-PONTEVEDRA-TO-EL-CARIBE-750x449.jpg 750w\" sizes=\"(max-width: 1200px) 100vw, 1200px\" \/><figcaption id=\"caption-attachment-4093\" class=\"wp-caption-text\">Roll on Roll Off desde Puerto de Vigo Pontevedra a Cartagena Colombia, La Habana Cuba, Santo Domingo Republica Dominicana, San Juan Puerto Rico, Pointe a Pitre Guadalupe, Fort de France Martinica, Port of Spain Trinidad y Tobago.<\/figcaption><\/figure>\n<h5><\/h5>\n<h5 style=\"text-align: center;\">Salidas desde <strong>Puerto de Valencia VLC<\/strong> a Cartagena Colombia, La Habana Cuba, Kingston Jamaica, Santo Domingo Republica Dominicana, San Juan Puerto Rico, Pointe a Pitre Guadalupe, Fort de France Martinica, Port of Spain Trinidad y Tobago, Puerto Cortez Honduras, Santo Tomas de Castilla Guatemala.<\/h5>\n<p>Enviar un vehiculo desde el Puerto de Valencia a El Caribe con el servicio de RORO carga rodada como lo muestra el siguiente mapa.<\/p>\n<figure id=\"attachment_4102\" aria-describedby=\"caption-attachment-4102\" style=\"width: 1200px\" class=\"wp-caption aligncenter\"><img decoding=\"async\" class=\"wp-image-4102 lazyload\" data-src=\"https:\/\/www.brlogistics.net\/es\/wp-content\/uploads\/2019\/10\/MAP-VALENCIA-TO-EL-CARIBE-300x186.jpg\" alt=\"\" width=\"1200\" height=\"744\" data-srcset=\"https:\/\/www.brlogistics.net\/es\/wp-content\/uploads\/2019\/10\/MAP-VALENCIA-TO-EL-CARIBE-300x186.jpg 300w, https:\/\/www.brlogistics.net\/es\/wp-content\/uploads\/2019\/10\/MAP-VALENCIA-TO-EL-CARIBE-768x476.jpg 768w, https:\/\/www.brlogistics.net\/es\/wp-content\/uploads\/2019\/10\/MAP-VALENCIA-TO-EL-CARIBE-1024x635.jpg 1024w, https:\/\/www.brlogistics.net\/es\/wp-content\/uploads\/2019\/10\/MAP-VALENCIA-TO-EL-CARIBE-750x465.jpg 750w, https:\/\/www.brlogistics.net\/es\/wp-content\/uploads\/2019\/10\/MAP-VALENCIA-TO-EL-CARIBE.jpg 1200w\" data-sizes=\"(max-width: 1200px) 100vw, 1200px\" src=\"data:image\/svg+xml;base64,PHN2ZyB3aWR0aD0iMSIgaGVpZ2h0PSIxIiB4bWxucz0iaHR0cDovL3d3dy53My5vcmcvMjAwMC9zdmciPjwvc3ZnPg==\" style=\"--smush-placeholder-width: 1200px; --smush-placeholder-aspect-ratio: 1200\/744;\" \/><figcaption id=\"caption-attachment-4102\" class=\"wp-caption-text\">Roll on Roll Off desde Puerto de Valencia VLC a Cartagena Colombia, La Habana Cuba, Kingston Jamaica, Santo Domingo Republica Dominicana, San Juan Puerto Rico, Pointe a Pitre Guadalupe, Fort de France Martinica, Port of Spain Trinidad y Tobago, Puerto Cortez Honduras, Santo Tomas de Castilla Guatemala.<\/figcaption><\/figure>\n<h3><\/h3>\n<h5 style=\"text-align: center;\">Salidas desde <strong>Puerto de Barclona Catalunya <\/strong>a Cartagena Colombia, La Habana Cuba, Kingston Jamaica, Santo Domingo Republica Dominicana, San Juan Puerto Rico, Pointe a Pitre Guadalupe, Fort de France Martinica, Port of Spain Trinidad y Tobago, Puerto Cortez Honduras, Santo Tomas de Castilla Guatemala.<\/h5>\n<p>Enviar un vehiculo desde el Puerto de Barcelona a El Caribe con el servicio de RORO carga rodada como lo muestra el siguiente mapa.<\/p>\n<figure id=\"attachment_4114\" aria-describedby=\"caption-attachment-4114\" style=\"width: 1200px\" class=\"wp-caption aligncenter\"><img decoding=\"async\" class=\"wp-image-4114 lazyload\" data-src=\"https:\/\/www.brlogistics.net\/es\/wp-content\/uploads\/2019\/10\/MAP-BARCELONA-TO-EL-CARIBE-300x186.jpg\" alt=\"\" width=\"1200\" height=\"744\" data-srcset=\"https:\/\/www.brlogistics.net\/es\/wp-content\/uploads\/2019\/10\/MAP-BARCELONA-TO-EL-CARIBE-300x186.jpg 300w, https:\/\/www.brlogistics.net\/es\/wp-content\/uploads\/2019\/10\/MAP-BARCELONA-TO-EL-CARIBE-768x476.jpg 768w, https:\/\/www.brlogistics.net\/es\/wp-content\/uploads\/2019\/10\/MAP-BARCELONA-TO-EL-CARIBE-1024x635.jpg 1024w, https:\/\/www.brlogistics.net\/es\/wp-content\/uploads\/2019\/10\/MAP-BARCELONA-TO-EL-CARIBE-750x465.jpg 750w, https:\/\/www.brlogistics.net\/es\/wp-content\/uploads\/2019\/10\/MAP-BARCELONA-TO-EL-CARIBE.jpg 1200w\" data-sizes=\"(max-width: 1200px) 100vw, 1200px\" src=\"data:image\/svg+xml;base64,PHN2ZyB3aWR0aD0iMSIgaGVpZ2h0PSIxIiB4bWxucz0iaHR0cDovL3d3dy53My5vcmcvMjAwMC9zdmciPjwvc3ZnPg==\" style=\"--smush-placeholder-width: 1200px; --smush-placeholder-aspect-ratio: 1200\/744;\" \/><figcaption id=\"caption-attachment-4114\" class=\"wp-caption-text\">Roll on Roll Off desde Puerto de Barcelona Catalunya a Cartagena Colombia, La Habana Cuba, Kingston Jamaica, Santo Domingo Republica Dominicana, San Juan Puerto Rico, Pointe a Pitre Guadalupe, Fort de France Martinica, Port of Spain Trinidad y Tobago, Puerto Cortez Honduras, Santo Tomas de Castilla Guatemala.<\/figcaption><\/figure>\n<h3 style=\"text-align: center;\"><strong>Servicio de RO-RO desde los siguientes puertos de Espa\u00f1a hacia Sur Am\u00e9rica:<\/strong><\/h3>\n<p>Los tipos de vehiculos que se pueden enviar desde Espa\u00f1a por carga rodada a Sur America son: Coches, automoviles, carros, furgonetas, camiones, camionetas, botes, lanchas, moto de agua en trailer, jet ski en trailer.<\/p>\n<h4 style=\"text-align: center;\">Salidas desde <strong>Puerto de Valencia VLC<\/strong> a Cartagena Colombia, Santa Marta Colombia, Rio de Janeiro Brasil, Santos Brasil, Paranagua Brasil, Vitoria Brasil, Zarate Buenos Aires Argentina, Montevideo Uruguay, Manta Ecuador, Callao Per\u00fa, Iquique Chile, y San Antonio Chile.<\/h4>\n<p>Enviar un vehiculo desde el Puerto de Valencia a Sur America con el servicio de RORO carga rodada como lo muestra el siguiente mapa.<\/p>\n<figure id=\"attachment_4100\" aria-describedby=\"caption-attachment-4100\" style=\"width: 1200px\" class=\"wp-caption aligncenter\"><img decoding=\"async\" class=\"wp-image-4100 lazyload\" data-src=\"https:\/\/www.brlogistics.net\/es\/wp-content\/uploads\/2019\/10\/MAP-VALENCIA-TO-SOUTH-AMERICA-300x186.jpg\" alt=\"\" width=\"1200\" height=\"744\" src=\"data:image\/svg+xml;base64,PHN2ZyB3aWR0aD0iMSIgaGVpZ2h0PSIxIiB4bWxucz0iaHR0cDovL3d3dy53My5vcmcvMjAwMC9zdmciPjwvc3ZnPg==\" style=\"--smush-placeholder-width: 1200px; --smush-placeholder-aspect-ratio: 1200\/744;\" \/><figcaption id=\"caption-attachment-4100\" class=\"wp-caption-text\">Roll on Roll Off desde Puerto de Valencia VLC a Cartagena Colombia, Santa Marta Colombia, Rio de Janeiro Brasil, Santos Brasil, Paranagua Brasil, Vitoria Brasil, Zarate Buenos Aires Argentina, Montevideo Uruguay, Manta Ecuador, Callao Per\u00fa, Iquique Chile, y San Antonio Chile.<\/figcaption><\/figure>\n<h5><\/h5>\n<h4 style=\"text-align: center;\">Salidas desde <strong>Puerto de Barcelona Catalunya <\/strong>a Cartagena Colombia, Santa Marta Colombia, Rio de Janeiro Brasil, Santos Brasil, Paranagua Brasil, Vitoria Brasil, Zarate Buenos Aires Argentina, Montevideo Uruguay, Manta Ecuador, Callao Per\u00fa, Iquique Chile, y San Antonio Chile.<\/h4>\n<p>Enviar un vehiculo desde el Puerto de Barcelona a Sur America con el servicio de RORO carga rodada como lo muestra el siguiente mapa.<\/p>\n<figure id=\"attachment_4111\" aria-describedby=\"caption-attachment-4111\" style=\"width: 1201px\" class=\"wp-caption aligncenter\"><img decoding=\"async\" class=\"wp-image-4111 lazyload\" data-src=\"https:\/\/www.brlogistics.net\/es\/wp-content\/uploads\/2019\/10\/MAP-BARCELONA-TO-SOUTH-AMERICA-300x186.jpg\" alt=\"\" width=\"1201\" height=\"745\" data-srcset=\"https:\/\/www.brlogistics.net\/es\/wp-content\/uploads\/2019\/10\/MAP-BARCELONA-TO-SOUTH-AMERICA-300x186.jpg 300w, https:\/\/www.brlogistics.net\/es\/wp-content\/uploads\/2019\/10\/MAP-BARCELONA-TO-SOUTH-AMERICA-768x476.jpg 768w, https:\/\/www.brlogistics.net\/es\/wp-content\/uploads\/2019\/10\/MAP-BARCELONA-TO-SOUTH-AMERICA-1024x635.jpg 1024w, https:\/\/www.brlogistics.net\/es\/wp-content\/uploads\/2019\/10\/MAP-BARCELONA-TO-SOUTH-AMERICA-750x465.jpg 750w, https:\/\/www.brlogistics.net\/es\/wp-content\/uploads\/2019\/10\/MAP-BARCELONA-TO-SOUTH-AMERICA.jpg 1200w\" data-sizes=\"(max-width: 1201px) 100vw, 1201px\" src=\"data:image\/svg+xml;base64,PHN2ZyB3aWR0aD0iMSIgaGVpZ2h0PSIxIiB4bWxucz0iaHR0cDovL3d3dy53My5vcmcvMjAwMC9zdmciPjwvc3ZnPg==\" style=\"--smush-placeholder-width: 1201px; --smush-placeholder-aspect-ratio: 1201\/745;\" \/><figcaption id=\"caption-attachment-4111\" class=\"wp-caption-text\">Desde Puerto de Barcelona Catalunya a Cartagena Colombia, Santa Marta Colombia, Rio de Janeiro Brasil, Santos Brasil, Paranagua Brasil, Vitoria Brasil, Zarate Buenos Aires Argentina, Montevideo Uruguay, Manta Ecuador, Callao Per\u00fa, Iquique Chile, y San Antonio Chile.<\/figcaption><\/figure>\n<h3><\/h3>\n<h3><\/h3>\n<h3 style=\"text-align: center;\"><strong>Servicio de RO-RO desde los siguientes puertos de B\u00e9lgica y Holanda hacia El Caribe:<\/strong><\/h3>\n<p>Los tipos de vehiculos que se pueden enviar desde Belgica y Holanda por carga rodada a El Caribe son: Coches, automoviles, carros, furgonetas, camiones, camionetas, botes, lanchas, moto de agua en trailer, jet ski en trailer.<\/p>\n<h4 style=\"text-align: center;\">Salidas desde Puerto de <strong>Antwerp<\/strong> en <strong>Belgica<\/strong> a Cartagena Colombia, La Habana Cuba, Santo Domingo Republica Dominicana, San Juan Puerto Rico, Kingstone Jamaica, Pointe a Pitre Guadalupe, Fort de France Martinica, Port of Spain Trinidad y Tobago, Puerto Cortez Honduras, Santo Tomas de Castilla Guatemala. Servicio especial desde Suiza via Antwerp.<\/h4>\n<p>Enviar un vehiculo desde el Puerto de Antwerp a El Caribe con el servicio de RORO carga rodada como lo muestra el siguiente mapa.<\/p>\n<figure id=\"attachment_4104\" aria-describedby=\"caption-attachment-4104\" style=\"width: 1201px\" class=\"wp-caption aligncenter\"><img decoding=\"async\" class=\"wp-image-4104 lazyload\" data-src=\"https:\/\/www.brlogistics.net\/es\/wp-content\/uploads\/2019\/10\/MAP-ANTWERP-TO-EL-CARIBE-300x186.jpg\" alt=\"\" width=\"1201\" height=\"745\" data-srcset=\"https:\/\/www.brlogistics.net\/es\/wp-content\/uploads\/2019\/10\/MAP-ANTWERP-TO-EL-CARIBE-300x186.jpg 300w, https:\/\/www.brlogistics.net\/es\/wp-content\/uploads\/2019\/10\/MAP-ANTWERP-TO-EL-CARIBE-768x476.jpg 768w, https:\/\/www.brlogistics.net\/es\/wp-content\/uploads\/2019\/10\/MAP-ANTWERP-TO-EL-CARIBE-1024x635.jpg 1024w, https:\/\/www.brlogistics.net\/es\/wp-content\/uploads\/2019\/10\/MAP-ANTWERP-TO-EL-CARIBE-750x465.jpg 750w, https:\/\/www.brlogistics.net\/es\/wp-content\/uploads\/2019\/10\/MAP-ANTWERP-TO-EL-CARIBE.jpg 1200w\" data-sizes=\"(max-width: 1201px) 100vw, 1201px\" src=\"data:image\/svg+xml;base64,PHN2ZyB3aWR0aD0iMSIgaGVpZ2h0PSIxIiB4bWxucz0iaHR0cDovL3d3dy53My5vcmcvMjAwMC9zdmciPjwvc3ZnPg==\" style=\"--smush-placeholder-width: 1201px; --smush-placeholder-aspect-ratio: 1201\/745;\" \/><figcaption id=\"caption-attachment-4104\" class=\"wp-caption-text\">Roll on Roll Off Desde Puerto de Antwerp en Belgica a Cartagena Colombia, La Habana Cuba, Santo Domingo Republica Dominicana, San Juan Puerto Rico, Kingstone Jamaica, Pointe a Pitre Guadalupe, Fort de France Martinica, Port of Spain Trinidad y Tobago, Puerto Cortez Honduras, Santo Tomas de Castilla Guatemala.<br \/>Servicio especial desde Suiza via Antwerp.<\/figcaption><\/figure>\n<h3><\/h3>\n<h3 style=\"text-align: center;\"><strong>Salidas de RO-RO desde los siguientes puertos de B\u00e9lgica y Holanda hacia Sur Am\u00e9rica:<\/strong><\/h3>\n<p>Los tipos de vehiculos que se pueden enviar desde Belgica y Holanda por carga rodada a Sur America son: Coches, automoviles, carros, furgonetas, camiones, camionetas, botes, lanchas, moto de agua en trailer, jet ski en trailer.<\/p>\n<h4 style=\"text-align: center;\">Desde Puerto de <strong>Antwerp<\/strong> en <strong>Belgica<\/strong> a Cartagena Colombia, Santa Marta Colombia, Rio de Janeiro Brasil, Santos Brasil, Paranagua Brasil, Vitoria Brasil, Zarate Buenos Aires Argentina, Montevideo Uruguay, Manta Ecuador, Callao Per\u00fa, Iquique Chile, y San Antonio Chile. Servicio especial desde Suiza via Antwerp.<\/h4>\n<p>Enviar un vehiculo desde el Puerto de Antwerp a Sur America con el servicio de RORO carga rodada como lo muestra el siguiente mapa.<\/p>\n<figure id=\"attachment_4106\" aria-describedby=\"caption-attachment-4106\" style=\"width: 1200px\" class=\"wp-caption aligncenter\"><img decoding=\"async\" class=\"wp-image-4106 lazyload\" data-src=\"https:\/\/www.brlogistics.net\/es\/wp-content\/uploads\/2019\/10\/MAP-ANTWERP-TO-SOUTH-AMERICA-300x186.jpg\" alt=\"\" width=\"1200\" height=\"744\" data-srcset=\"https:\/\/www.brlogistics.net\/es\/wp-content\/uploads\/2019\/10\/MAP-ANTWERP-TO-SOUTH-AMERICA-300x186.jpg 300w, https:\/\/www.brlogistics.net\/es\/wp-content\/uploads\/2019\/10\/MAP-ANTWERP-TO-SOUTH-AMERICA-768x476.jpg 768w, https:\/\/www.brlogistics.net\/es\/wp-content\/uploads\/2019\/10\/MAP-ANTWERP-TO-SOUTH-AMERICA-1024x635.jpg 1024w, https:\/\/www.brlogistics.net\/es\/wp-content\/uploads\/2019\/10\/MAP-ANTWERP-TO-SOUTH-AMERICA-750x465.jpg 750w, https:\/\/www.brlogistics.net\/es\/wp-content\/uploads\/2019\/10\/MAP-ANTWERP-TO-SOUTH-AMERICA.jpg 1200w\" data-sizes=\"(max-width: 1200px) 100vw, 1200px\" src=\"data:image\/svg+xml;base64,PHN2ZyB3aWR0aD0iMSIgaGVpZ2h0PSIxIiB4bWxucz0iaHR0cDovL3d3dy53My5vcmcvMjAwMC9zdmciPjwvc3ZnPg==\" style=\"--smush-placeholder-width: 1200px; --smush-placeholder-aspect-ratio: 1200\/744;\" \/><figcaption id=\"caption-attachment-4106\" class=\"wp-caption-text\">Roll on Roll Off desde Puerto de Antwerp en Belgica a Cartagena Colombia, Santa Marta Colombia, Rio de Janeiro Brasil, Santos Brasil, Paranagua Brasil, Vitoria Brasil, Zarate Buenos Aires Argentina, Montevideo Uruguay, Manta Ecuador, Callao Per\u00fa, Iquique Chile, y San Antonio Chile.<br \/>Servicio especial desde Suiza via Antwerp.<\/figcaption><\/figure>\n","protected":false},"excerpt":{"rendered":"<p>En BR LOGSITICS ofrecemos servicios de Roll on Roll off o Carga Rodada de veh\u00edculos desde los principales puertos de Europa (Espa\u00f1a, B\u00e9lgica, Holanda, Francia) hacia El Caribe y Am\u00e9rica del Sur. El Caribe con destinos Republica Dominicana, Cuba, Puerto Rico, Jamaica, Guadalupe, Martinica, Trinidad y Tobago, Panam\u00e1, M\u00e9xico, Honduras, Guatemala. Am\u00e9rica del Sur con [&hellip;]<\/p>\n","protected":false},"author":2,"featured_media":0,"parent":0,"menu_order":0,"comment_status":"closed","ping_status":"closed","template":"page-no-sidebar.php","meta":{"site-sidebar-layout":"default","site-content-layout":"","ast-site-content-layout":"","site-content-style":"default","site-sidebar-style":"default","ast-global-header-display":"","ast-banner-title-visibility":"","ast-main-header-display":"","ast-hfb-above-header-display":"","ast-hfb-below-header-display":"","ast-hfb-mobile-header-display":"","site-post-title":"","ast-breadcrumbs-content":"","ast-featured-img":"","footer-sml-layout":"","theme-transparent-header-meta":"","adv-header-id-meta":"","stick-header-meta":"","header-above-stick-meta":"","header-main-stick-meta":"","header-below-stick-meta":"","astra-migrate-meta-layouts":"default","ast-page-background-enabled":"default","ast-page-background-meta":{"desktop":{"background-color":"var(--ast-global-color-4)","background-image":"","background-repeat":"repeat","background-position":"center center","background-size":"auto","background-attachment":"scroll","background-type":"","background-media":"","overlay-type":"","overlay-color":"","overlay-opacity":"","overlay-gradient":""},"tablet":{"background-color":"","background-image":"","background-repeat":"repeat","background-position":"center center","background-size":"auto","background-attachment":"scroll","background-type":"","background-media":"","overlay-type":"","overlay-color":"","overlay-opacity":"","overlay-gradient":""},"mobile":{"background-color":"","background-image":"","background-repeat":"repeat","background-position":"center center","background-size":"auto","background-attachment":"scroll","background-type":"","background-media":"","overlay-type":"","overlay-color":"","overlay-opacity":"","overlay-gradient":""}},"ast-content-background-meta":{"desktop":{"background-color":"var(--ast-global-color-5)","background-image":"","background-repeat":"repeat","background-position":"center center","background-size":"auto","background-attachment":"scroll","background-type":"","background-media":"","overlay-type":"","overlay-color":"","overlay-opacity":"","overlay-gradient":""},"tablet":{"background-color":"var(--ast-global-color-5)","background-image":"","background-repeat":"repeat","background-position":"center center","background-size":"auto","background-attachment":"scroll","background-type":"","background-media":"","overlay-type":"","overlay-color":"","overlay-opacity":"","overlay-gradient":""},"mobile":{"background-color":"var(--ast-global-color-5)","background-image":"","background-repeat":"repeat","background-position":"center center","background-size":"auto","background-attachment":"scroll","background-type":"","background-media":"","overlay-type":"","overlay-color":"","overlay-opacity":"","overlay-gradient":""}},"_joinchat":[],"footnotes":""},"class_list":["post-4047","page","type-page","status-publish","hentry"],"aioseo_notices":[],"_links":{"self":[{"href":"https:\/\/www.brlogistics.net\/es\/wp-json\/wp\/v2\/pages\/4047","targetHints":{"allow":["GET"]}}],"collection":[{"href":"https:\/\/www.brlogistics.net\/es\/wp-json\/wp\/v2\/pages"}],"about":[{"href":"https:\/\/www.brlogistics.net\/es\/wp-json\/wp\/v2\/types\/page"}],"author":[{"embeddable":true,"href":"https:\/\/www.brlogistics.net\/es\/wp-json\/wp\/v2\/users\/2"}],"replies":[{"embeddable":true,"href":"https:\/\/www.brlogistics.net\/es\/wp-json\/wp\/v2\/comments?post=4047"}],"version-history":[{"count":33,"href":"https:\/\/www.brlogistics.net\/es\/wp-json\/wp\/v2\/pages\/4047\/revisions"}],"predecessor-version":[{"id":4266,"href":"https:\/\/www.brlogistics.net\/es\/wp-json\/wp\/v2\/pages\/4047\/revisions\/4266"}],"wp:attachment":[{"href":"https:\/\/www.brlogistics.net\/es\/wp-json\/wp\/v2\/media?parent=4047"}],"curies":[{"name":"wp","href":"https:\/\/api.w.org\/{rel}","templated":true}]}}