{"id":3409,"date":"2016-02-02T19:16:16","date_gmt":"2016-02-02T19:16:16","guid":{"rendered":"http:\/\/localhost\/br\/es\/?page_id=3409"},"modified":"2018-05-29T10:17:58","modified_gmt":"2018-05-29T10:17:58","slug":"incoterms","status":"publish","type":"page","link":"https:\/\/www.brlogistics.net\/es\/incoterms\/","title":{"rendered":"[:es]Incoterms[:en]In[:]"},"content":{"rendered":"<p>[vc_row][vc_column][vc_column_text]<\/p>\n<h4 style=\"text-align: center;\">Los Incoterms son cl\u00e1usulas que definen los usos comerciales internacionales m\u00e1s comunes, para determinar que es lo acordado entre el vendedor y el comprador, respecto al comercio exterior: la entrega de la mercader\u00eda, la transferencia de la responsabilidad, la distribuci\u00f3n de los gastos y obligaciones, y los documentos necesarios para la tramitaci\u00f3n aduanera.<\/h4>\n<p>[\/vc_column_text][\/vc_column][\/vc_row][vc_row][vc_column][vc_column_text]<\/p>\n<hr \/>\n<p>[\/vc_column_text][\/vc_column][\/vc_row][vc_row][vc_column][vc_column_text]<\/p>\n<p style=\"text-align: center;\"><b>INCOTERM CFR &#8211;<\/b><span style=\"font-weight: 400;\">\u00a0Cost and Freight &#8211; COSTO Y FLETE (puerto de destino convenido)<\/span><\/p>\n<hr \/>\n<p style=\"text-align: center;\"><span style=\"font-weight: 400;\"><b>INCOTERM CIF &#8211;<\/b> Cost, Insurance and Freight &#8211; COSTE, SEGURO Y FLETE (puerto de destino convenido)<\/span><\/p>\n<hr \/>\n<p style=\"text-align: center;\"><span style=\"font-weight: 400;\"><b>INCOTERM CIP &#8211; <\/b><span style=\"font-weight: 400;\">Carriage and Insurance Paid &#8211; TRANSPORTE Y SEGURO PAGADOS HASTA&#8230; (&#8230;lugar de destino convenido)<\/span><\/span><\/p>\n<hr \/>\n<p style=\"text-align: center;\"><b><i>INCOTERM CPT &#8211; <\/i><\/b><i><span style=\"font-weight: 400;\">Carriage Paid To &#8211; TRANSPORTE PAGADO HASTA&#8230; (&#8230;lugar de destino convenido)<\/span><\/i><\/p>\n<hr \/>\n<p style=\"text-align: center;\"><i><\/i><b><i>INCOTERM DAF &#8211;<\/i><\/b><i><span style=\"font-weight: 400;\"> Delivery at Frontier &#8211; ENTREGADA EN <\/span><\/i><span style=\"font-weight: 400;\">FRONTERA<\/span><i><span style=\"font-weight: 400;\"> (lugar convenido)<\/span><\/i><\/p>\n<hr \/>\n<p style=\"text-align: center;\"><i><\/i><b><i>INCOTERM DDP &#8211;<\/i><\/b><i><span style=\"font-weight: 400;\"> Delivery Duty Paid &#8211; ENTREGADA <\/span><\/i><span style=\"font-weight: 400;\">DERECHOS<\/span><i><span style=\"font-weight: 400;\"> PAGADOS (&#8230;lugar de destino convenido)<\/span><\/i><\/p>\n<hr \/>\n<p style=\"text-align: center;\"><i><\/i><b><i>INCOTERM DDU &#8211;<\/i><\/b><i><span style=\"font-weight: 400;\"> Delivery Duty Unpaid &#8211; ENTREGADA DERECHOS NO PAGADOS (&#8230;lugar de destino convenido)<\/span><\/i><\/p>\n<hr \/>\n<p style=\"text-align: center;\"><i><\/i><b><i>INCOTERM DEQ &#8211;<\/i><\/b><i><span style=\"font-weight: 400;\"> Delivery Ex Quay &#8211; ENTREGADA EN MUELLE (&#8230;puerto de destino convenido)<\/span><\/i><\/p>\n<hr \/>\n<p style=\"text-align: center;\"><b><i>INCOTERM DES &#8211;<\/i><\/b><i><span style=\"font-weight: 400;\"> Delivery Ex Ship &#8211; ENTREGADA SOBRE BUQUE (&#8230;puerto de destino convenido)<\/span><\/i><\/p>\n<hr \/>\n<p style=\"text-align: center;\"><i><\/i><b><i>INCOTERM EXW &#8211;<\/i><\/b><i><span style=\"font-weight: 400;\"> Ex Works &#8211; EN FABRICA<\/span><\/i><\/p>\n<hr \/>\n<p style=\"text-align: center;\"><i><\/i><b>INCOTERM FCA &#8211;<\/b><span style=\"font-weight: 400;\"> Free Carrier &#8211; FRANCO TRANSPORTISTA (lugar convenido)<\/span><\/p>\n<hr \/>\n<p style=\"text-align: center;\"><b>INCOTERM FAS &#8211;<\/b><span style=\"font-weight: 400;\"> Free Alongside Ship &#8211; FRANCO AL COSTADO DEL BUQUE (free alongside ship) (puerto de carga convenido)<\/span><\/p>\n<hr \/>\n<p style=\"text-align: center;\"><i><\/i><b>INCOTERM FOB &#8211;<\/b><span style=\"font-weight: 400;\"> Free on Board &#8211; FRANCO A BORDO (Free on Board) (puerto de carga convenido)<\/span><\/p>\n<hr \/>\n<p style=\"text-align: center;\"><b>&#8211; INCOTERMS \u201cmultimodales\u201d<\/b><span style=\"font-weight: 400;\"> \u201cAny mode of transport\u201d (EXW, FCA, CPT, CIP, DAP, DAT y DDP)<\/span><\/p>\n<hr \/>\n<p style=\"text-align: center;\"><b>&#8211; INCOTERMS \u201csolo mar\u00edtimos\u201d<\/b><span style=\"font-weight: 400;\"> \u201cSea and Inland Waterway Transport Only\u201d (FAS, FOB, CFR y CIF)<\/span><\/p>\n<p>[\/vc_column_text][vc_column_text][\/vc_column_text][\/vc_column][\/vc_row][vc_row][vc_column][get_a_quote button_text=\u00bbCotizaciones\u00bb form_title=\u00bbSolicite una tarifa para el transporte de sus mercanc\u00edas.\u00bb][\/vc_column][\/vc_row]<\/p>\n","protected":false},"excerpt":{"rendered":"<p>[vc_row][vc_column][vc_column_text] Los Incoterms son cl\u00e1usulas que definen los usos comerciales internacionales m\u00e1s comunes, para determinar que es lo acordado entre el vendedor y el comprador, respecto al comercio exterior: la entrega de la mercader\u00eda, la transferencia de la responsabilidad, la distribuci\u00f3n de los gastos y obligaciones, y los documentos necesarios para la tramitaci\u00f3n aduanera. [\/vc_column_text][\/vc_column][\/vc_row][vc_row][vc_column][vc_column_text] [&hellip;]<\/p>\n","protected":false},"author":2,"featured_media":0,"parent":0,"menu_order":0,"comment_status":"closed","ping_status":"closed","template":"page-no-sidebar.php","meta":{"site-sidebar-layout":"default","site-content-layout":"","ast-site-content-layout":"","site-content-style":"default","site-sidebar-style":"default","ast-global-header-display":"","ast-banner-title-visibility":"","ast-main-header-display":"","ast-hfb-above-header-display":"","ast-hfb-below-header-display":"","ast-hfb-mobile-header-display":"","site-post-title":"","ast-breadcrumbs-content":"","ast-featured-img":"","footer-sml-layout":"","theme-transparent-header-meta":"","adv-header-id-meta":"","stick-header-meta":"","header-above-stick-meta":"","header-main-stick-meta":"","header-below-stick-meta":"","astra-migrate-meta-layouts":"default","ast-page-background-enabled":"default","ast-page-background-meta":{"desktop":{"background-color":"var(--ast-global-color-4)","background-image":"","background-repeat":"repeat","background-position":"center center","background-size":"auto","background-attachment":"scroll","background-type":"","background-media":"","overlay-type":"","overlay-color":"","overlay-opacity":"","overlay-gradient":""},"tablet":{"background-color":"","background-image":"","background-repeat":"repeat","background-position":"center center","background-size":"auto","background-attachment":"scroll","background-type":"","background-media":"","overlay-type":"","overlay-color":"","overlay-opacity":"","overlay-gradient":""},"mobile":{"background-color":"","background-image":"","background-repeat":"repeat","background-position":"center center","background-size":"auto","background-attachment":"scroll","background-type":"","background-media":"","overlay-type":"","overlay-color":"","overlay-opacity":"","overlay-gradient":""}},"ast-content-background-meta":{"desktop":{"background-color":"var(--ast-global-color-5)","background-image":"","background-repeat":"repeat","background-position":"center center","background-size":"auto","background-attachment":"scroll","background-type":"","background-media":"","overlay-type":"","overlay-color":"","overlay-opacity":"","overlay-gradient":""},"tablet":{"background-color":"var(--ast-global-color-5)","background-image":"","background-repeat":"repeat","background-position":"center center","background-size":"auto","background-attachment":"scroll","background-type":"","background-media":"","overlay-type":"","overlay-color":"","overlay-opacity":"","overlay-gradient":""},"mobile":{"background-color":"var(--ast-global-color-5)","background-image":"","background-repeat":"repeat","background-position":"center center","background-size":"auto","background-attachment":"scroll","background-type":"","background-media":"","overlay-type":"","overlay-color":"","overlay-opacity":"","overlay-gradient":""}},"_joinchat":[],"footnotes":""},"class_list":["post-3409","page","type-page","status-publish","hentry"],"aioseo_notices":[],"_links":{"self":[{"href":"https:\/\/www.brlogistics.net\/es\/wp-json\/wp\/v2\/pages\/3409","targetHints":{"allow":["GET"]}}],"collection":[{"href":"https:\/\/www.brlogistics.net\/es\/wp-json\/wp\/v2\/pages"}],"about":[{"href":"https:\/\/www.brlogistics.net\/es\/wp-json\/wp\/v2\/types\/page"}],"author":[{"embeddable":true,"href":"https:\/\/www.brlogistics.net\/es\/wp-json\/wp\/v2\/users\/2"}],"replies":[{"embeddable":true,"href":"https:\/\/www.brlogistics.net\/es\/wp-json\/wp\/v2\/comments?post=3409"}],"version-history":[{"count":25,"href":"https:\/\/www.brlogistics.net\/es\/wp-json\/wp\/v2\/pages\/3409\/revisions"}],"predecessor-version":[{"id":3883,"href":"https:\/\/www.brlogistics.net\/es\/wp-json\/wp\/v2\/pages\/3409\/revisions\/3883"}],"wp:attachment":[{"href":"https:\/\/www.brlogistics.net\/es\/wp-json\/wp\/v2\/media?parent=3409"}],"curies":[{"name":"wp","href":"https:\/\/api.w.org\/{rel}","templated":true}]}}